{"id":9977,"date":"2018-08-06T13:21:08","date_gmt":"2018-08-06T16:21:08","guid":{"rendered":"http:\/\/www.semanadetecnologia.com.br\/24semana\/?page_id=9977"},"modified":"2018-08-06T14:07:53","modified_gmt":"2018-08-06T17:07:53","slug":"restaurantes-proximos-24a-semana-de-tecnologia-metroferroviaria","status":"publish","type":"page","link":"http:\/\/www.semanadetecnologia.com.br\/24semana\/restaurantes-proximos-24a-semana-de-tecnologia-metroferroviaria\/","title":{"rendered":"Restaurantes pr\u00f3ximos \u00e0 24\u00aa Semana de Tecnologia Metroferrovi\u00e1ria"},"content":{"rendered":"<p><strong>Restaurantes pr\u00f3ximos \u00e0 24\u00aa Semana de Tecnologia Metroferrovi\u00e1ria<\/strong><\/p>\n<p><strong>Olaria Bar &amp; Grill<\/strong><\/p>\n<p>Rua Apeninos, 637 &#8211; Para\u00edso &#8211; S\u00e3o Paulo \u2013 Tel.: <a href=\"tel:1132890822\">(11) 3289-0822<\/a><\/p>\n<p><a href=\"http:\/\/www.olariabar.com.br\/\" target=\"_blank\" rel=\"noopener\">http:\/\/www.olariabar.com.br\/<\/a><\/p>\n<p>Opini\u00e3o: Comida \u00e0 quilo carte, lugar agrad\u00e1vel com decora\u00e7\u00e3o r\u00fastica, bom pra comer em pequenas turmas. N\u00e3o tem ar condicionado, por\u00e9m temperatura costuma ser agrad\u00e1vel.<\/p>\n<p>Pre\u00e7o:\u00a0\u00a0<img loading=\"lazy\" decoding=\"async\" class=\"alignnone size-full wp-image-9982\" src=\"http:\/\/www.semanadetecnologia.com.br\/24semana\/wp-content\/uploads\/2018\/08\/3moedas.jpg\" alt=\"\" width=\"133\" height=\"20\" srcset=\"http:\/\/www.semanadetecnologia.com.br\/24semana\/wp-content\/uploads\/2018\/08\/3moedas.jpg 133w, http:\/\/www.semanadetecnologia.com.br\/24semana\/wp-content\/uploads\/2018\/08\/3moedas-50x8.jpg 50w\" sizes=\"auto, (max-width: 133px) 100vw, 133px\" \/><\/p>\n<p><strong>\u00a0<\/strong><\/p>\n<p><strong>Paradiso Bar e Cucina<\/strong><\/p>\n<p>Rua <em>Apeninos<\/em>, 747 &#8211; Paraiso &#8211; Tel: <a href=\"tel:1136284230\" target=\"_blank\" rel=\"noopener\">(11) 3628-4230<\/a><\/p>\n<p><a href=\"http:\/\/paradisobarecucina.com.br\/\" target=\"_blank\" rel=\"noopener\">http:\/\/paradisobarecucina.com.br\/<\/a><\/p>\n<p>Opini\u00e3o: \u00d3tima comida por quilo com excelentes grelhados, para quem gosta de carne \u00e9 uma \u00f3tima op\u00e7\u00e3o, tem mesas grandes para grupo. Tem ar condicionado.<\/p>\n<p>Pre\u00e7o:\u00a0<img loading=\"lazy\" decoding=\"async\" class=\"alignnone size-full wp-image-9982\" src=\"http:\/\/www.semanadetecnologia.com.br\/24semana\/wp-content\/uploads\/2018\/08\/3moedas.jpg\" alt=\"\" width=\"133\" height=\"20\" srcset=\"http:\/\/www.semanadetecnologia.com.br\/24semana\/wp-content\/uploads\/2018\/08\/3moedas.jpg 133w, http:\/\/www.semanadetecnologia.com.br\/24semana\/wp-content\/uploads\/2018\/08\/3moedas-50x8.jpg 50w\" sizes=\"auto, (max-width: 133px) 100vw, 133px\" \/><\/p>\n<p>&nbsp;<\/p>\n<p><strong>Mirante Gastronomia &amp; Bar<\/strong><\/p>\n<p>Rua <em>Apeninos<\/em>, 883 &#8211; Vila Mariana \u2013 Tel.: <a href=\"tel:1150817123\" target=\"_blank\" rel=\"noopener\">(11) 5081-7123<\/a><\/p>\n<p><a href=\"https:\/\/www.mirantegastronomiaebar.com.br\/\" target=\"_blank\" rel=\"noopener\">https:\/\/www.mirantegastronomiaebar.com.br\/<\/a><\/p>\n<p>Opini\u00e3o: Comida \u00e0 la carte, tem op\u00e7\u00f5es da cozinha internacional, lugar agrad\u00e1vel para comer em pequenas turmas, tem uma mesa grande na entrada. Tem ar condicionado.<\/p>\n<p>Pre\u00e7o:\u00a0<img loading=\"lazy\" decoding=\"async\" class=\"alignnone size-full wp-image-9982\" src=\"http:\/\/www.semanadetecnologia.com.br\/24semana\/wp-content\/uploads\/2018\/08\/3moedas.jpg\" alt=\"\" width=\"133\" height=\"20\" srcset=\"http:\/\/www.semanadetecnologia.com.br\/24semana\/wp-content\/uploads\/2018\/08\/3moedas.jpg 133w, http:\/\/www.semanadetecnologia.com.br\/24semana\/wp-content\/uploads\/2018\/08\/3moedas-50x8.jpg 50w\" sizes=\"auto, (max-width: 133px) 100vw, 133px\" \/><\/p>\n<p>&nbsp;<\/p>\n<p><strong>Restaurante T\u00eanis Clube Susil<\/strong><\/p>\n<p>Rua Gualachos, 285 \u2013 Para\u00edso \u2013 Tel.: <a href=\"tel:1132666311\" target=\"_blank\" rel=\"noopener\">(11) 3266-6311<\/a><\/p>\n<p>Opini\u00e3o: \u00d3tima comida pelo sistema <strong>Self-Service<\/strong> com excelentes op\u00e7\u00f5es, tem muitas mesas grandes para grupo, pre\u00e7o inclui sobremesa. Tem ar condicionado.<\/p>\n<p>Pre\u00e7o:\u00a0<img loading=\"lazy\" decoding=\"async\" class=\"alignnone size-full wp-image-9983\" src=\"http:\/\/www.semanadetecnologia.com.br\/24semana\/wp-content\/uploads\/2018\/08\/4moedas.jpg\" alt=\"\" width=\"133\" height=\"20\" srcset=\"http:\/\/www.semanadetecnologia.com.br\/24semana\/wp-content\/uploads\/2018\/08\/4moedas.jpg 133w, http:\/\/www.semanadetecnologia.com.br\/24semana\/wp-content\/uploads\/2018\/08\/4moedas-50x8.jpg 50w\" sizes=\"auto, (max-width: 133px) 100vw, 133px\" \/><\/p>\n<p>&nbsp;<\/p>\n<p><strong>Tiziano Cappai<\/strong><\/p>\n<p>Rua Apeninos, 398 \u2013 Para\u00edso \u2013 Tel.: <a href=\"tel:1133992893\" target=\"_blank\" rel=\"noopener\">(11) 3399-2893<\/a><\/p>\n<p>Opini\u00e3o: Cozinha contempor\u00e2nea por quilo, em ambiente casual sem luxo, uma op\u00e7\u00e3o barata com qualidade. N\u00e3o tem ar condicionado.<\/p>\n<p>Pre\u00e7o:\u00a0<img loading=\"lazy\" decoding=\"async\" class=\"alignnone size-full wp-image-9981\" src=\"http:\/\/www.semanadetecnologia.com.br\/24semana\/wp-content\/uploads\/2018\/08\/2moedas.jpg\" alt=\"\" width=\"133\" height=\"20\" srcset=\"http:\/\/www.semanadetecnologia.com.br\/24semana\/wp-content\/uploads\/2018\/08\/2moedas.jpg 133w, http:\/\/www.semanadetecnologia.com.br\/24semana\/wp-content\/uploads\/2018\/08\/2moedas-50x8.jpg 50w\" sizes=\"auto, (max-width: 133px) 100vw, 133px\" \/><\/p>\n<p>&nbsp;<\/p>\n<p><strong>Mercure S\u00e3o Paulo Paraiso Hotel<\/strong><\/p>\n<p>Rua Vergueiro, 1661 \u2013 Paraiso \u2013 Tel.: <a href=\"tel:1150818400\" target=\"_blank\" rel=\"noopener\">(11) 5081-8400<\/a><\/p>\n<p>Opini\u00e3o: Coma \u00e0 vontade, com pre\u00e7o fixo, op\u00e7\u00e3o barata, por\u00e9m somente com mesas pequenas e o lugar tamb\u00e9m \u00e9 pequeno, por\u00e9m agrad\u00e1vel. N\u00e3o tem ar condicionado.<\/p>\n<p>Pre\u00e7o:\u00a0<img loading=\"lazy\" decoding=\"async\" class=\"alignnone size-full wp-image-9981\" src=\"http:\/\/www.semanadetecnologia.com.br\/24semana\/wp-content\/uploads\/2018\/08\/2moedas.jpg\" alt=\"\" width=\"133\" height=\"20\" srcset=\"http:\/\/www.semanadetecnologia.com.br\/24semana\/wp-content\/uploads\/2018\/08\/2moedas.jpg 133w, http:\/\/www.semanadetecnologia.com.br\/24semana\/wp-content\/uploads\/2018\/08\/2moedas-50x8.jpg 50w\" sizes=\"auto, (max-width: 133px) 100vw, 133px\" \/><\/p>\n<p>&nbsp;<\/p>\n<p><strong>Restaurante Halim<\/strong><\/p>\n<p>Rua Dr. Rafael de Barros, 56 \u2013 Para\u00edso \u2013 tel.: <a href=\"tel:1138848502\">(11) 3884-8502<\/a><\/p>\n<p><a href=\"https:\/\/halim.com.br\/\" target=\"_blank\" rel=\"noopener\">https:\/\/halim.com.br\/<\/a><\/p>\n<p>Opini\u00e3o: Comida \u00e0 la carte, com especialidade em prato \u00e1rabe, lugar grande e cheio tem bastante barrulho. Prove algum prato com carneiro. Tem ar condicionado.<\/p>\n<p>Pre\u00e7o:\u00a0<img loading=\"lazy\" decoding=\"async\" class=\"alignnone size-full wp-image-9982\" src=\"http:\/\/www.semanadetecnologia.com.br\/24semana\/wp-content\/uploads\/2018\/08\/3moedas.jpg\" alt=\"\" width=\"133\" height=\"20\" srcset=\"http:\/\/www.semanadetecnologia.com.br\/24semana\/wp-content\/uploads\/2018\/08\/3moedas.jpg 133w, http:\/\/www.semanadetecnologia.com.br\/24semana\/wp-content\/uploads\/2018\/08\/3moedas-50x8.jpg 50w\" sizes=\"auto, (max-width: 133px) 100vw, 133px\" \/><\/p>\n<p><strong>\u00a0<\/strong><\/p>\n<p><strong>Pra\u00e7a de Minas Bar e Restaurante<\/strong><\/p>\n<p>Rua Dr. Rafael de Barros, 77 \u2013 Para\u00edso \u2013 Tel.: <a href=\"tel:1123077525\" target=\"_blank\" rel=\"noopener\">(11) 2307-7525<\/a><\/p>\n<p><a href=\"https:\/\/www.pracademinas.com\/\">https:\/\/www.pracademinas.com\/<\/a><\/p>\n<p>Opini\u00e3o: Comida \u00e0 la carte, com especialidade mineira, bom para dividir prato em grupo, costuma ficar cheio. Tem ar condicionado na parte interna.<\/p>\n<p>Pre\u00e7o:\u00a0<img loading=\"lazy\" decoding=\"async\" class=\"alignnone size-full wp-image-9982\" src=\"http:\/\/www.semanadetecnologia.com.br\/24semana\/wp-content\/uploads\/2018\/08\/3moedas.jpg\" alt=\"\" width=\"133\" height=\"20\" srcset=\"http:\/\/www.semanadetecnologia.com.br\/24semana\/wp-content\/uploads\/2018\/08\/3moedas.jpg 133w, http:\/\/www.semanadetecnologia.com.br\/24semana\/wp-content\/uploads\/2018\/08\/3moedas-50x8.jpg 50w\" sizes=\"auto, (max-width: 133px) 100vw, 133px\" \/><\/p>\n<p><strong>\u00a0<\/strong><\/p>\n<p><strong>Outback SteakHouse<\/strong><\/p>\n<p><strong>Shopping P\u00e1tio Paulista<\/strong><\/p>\n<p>Rua Treze de Maio, 1947 &#8211; Bela Vista \u2013 tel.: <a href=\"tel:1131711852\" target=\"_blank\" rel=\"noopener\">(11) 3171-1852<\/a><\/p>\n<p>Opini\u00e3o: Churrascaria tradicional, com conforto do shopping.<\/p>\n<p>Pre\u00e7o:\u00a0<img loading=\"lazy\" decoding=\"async\" class=\"alignnone size-full wp-image-9982\" src=\"http:\/\/www.semanadetecnologia.com.br\/24semana\/wp-content\/uploads\/2018\/08\/3moedas.jpg\" alt=\"\" width=\"133\" height=\"20\" srcset=\"http:\/\/www.semanadetecnologia.com.br\/24semana\/wp-content\/uploads\/2018\/08\/3moedas.jpg 133w, http:\/\/www.semanadetecnologia.com.br\/24semana\/wp-content\/uploads\/2018\/08\/3moedas-50x8.jpg 50w\" sizes=\"auto, (max-width: 133px) 100vw, 133px\" \/><\/p>\n<p>&nbsp;<\/p>\n<p><strong>Almanara<\/strong><\/p>\n<p><strong>Shopping P\u00e1tio Paulista<\/strong><\/p>\n<p>Rua Treze de Maio, 1947 &#8211; Bela Vista \u2013 tel.:<a href=\"tel: 1132846905\" target=\"_blank\" rel=\"noopener\"> (11) 3284-6905<\/a><\/p>\n<p>Opini\u00e3o: Comida Arab\u00e9, com o conforto do shopping.<\/p>\n<p>Pre\u00e7o:\u00a0<img loading=\"lazy\" decoding=\"async\" class=\"alignnone size-full wp-image-9983\" src=\"http:\/\/www.semanadetecnologia.com.br\/24semana\/wp-content\/uploads\/2018\/08\/4moedas.jpg\" alt=\"\" width=\"133\" height=\"20\" srcset=\"http:\/\/www.semanadetecnologia.com.br\/24semana\/wp-content\/uploads\/2018\/08\/4moedas.jpg 133w, http:\/\/www.semanadetecnologia.com.br\/24semana\/wp-content\/uploads\/2018\/08\/4moedas-50x8.jpg 50w\" sizes=\"auto, (max-width: 133px) 100vw, 133px\" \/><\/p>\n<p>&nbsp;<\/p>\n<p><strong>Braugarten<\/strong><br \/>\n<strong>Shopping P\u00e1tio Paulista<\/strong><\/p>\n<p>Rua Treze de Maio, 1947 &#8211; Bela Vista \u2013 tel.: <a href=\"tel:1132624550\" target=\"_blank\" rel=\"noopener\">(11) 3262-4550<\/a><br \/>\nOpini\u00e3o: Comida Alem\u00e3, com o conforto do shopping.<\/p>\n<p>Pre\u00e7o:\u00a0<img loading=\"lazy\" decoding=\"async\" class=\"alignnone size-full wp-image-9983\" src=\"http:\/\/www.semanadetecnologia.com.br\/24semana\/wp-content\/uploads\/2018\/08\/4moedas.jpg\" alt=\"\" width=\"133\" height=\"20\" srcset=\"http:\/\/www.semanadetecnologia.com.br\/24semana\/wp-content\/uploads\/2018\/08\/4moedas.jpg 133w, http:\/\/www.semanadetecnologia.com.br\/24semana\/wp-content\/uploads\/2018\/08\/4moedas-50x8.jpg 50w\" sizes=\"auto, (max-width: 133px) 100vw, 133px\" \/><\/p>\n<p>&nbsp;<\/p>\n<p><strong><u>Nota:<\/u><\/strong> Existe uma pra\u00e7a de alimenta\u00e7\u00e3o simples no andar T\u00e9rreo da UNIP, uma \u00f3tima op\u00e7\u00e3o barata e r\u00e1pida, para que est\u00e1 com pressa j\u00e1 que n\u00e3o precisa sair do pr\u00e9dio do congresso.<\/p>\n","protected":false},"excerpt":{"rendered":"<p>Restaurantes pr\u00f3ximos \u00e0 24\u00aa Semana de Tecnologia Metroferrovi\u00e1ria Olaria Bar &amp; Grill Rua Apeninos, 637 &#8211; Para\u00edso &#8211; S\u00e3o Paulo \u2013 Tel.: (11) 3289-0822 http:\/\/www.olariabar.com.br\/ Opini\u00e3o: Comida \u00e0 quilo carte, lugar agrad\u00e1vel com decora\u00e7\u00e3o r\u00fastica, bom pra comer em pequenas [&hellip;]<\/p>\n","protected":false},"author":1,"featured_media":0,"parent":0,"menu_order":0,"comment_status":"closed","ping_status":"closed","template":"","meta":{"footnotes":""},"class_list":["post-9977","page","type-page","status-publish","hentry"],"yoast_head":"<!-- This site is optimized with the Yoast SEO plugin v27.2 - https:\/\/yoast.com\/product\/yoast-seo-wordpress\/ -->\n<title>Restaurantes pr\u00f3ximos \u00e0 24\u00aa Semana de Tecnologia Metroferrovi\u00e1ria &#8211; 24\u00aa Semana de Tecnologia Metroferrovi\u00e1ria<\/title>\n<meta name=\"robots\" content=\"index, follow, max-snippet:-1, max-image-preview:large, max-video-preview:-1\" \/>\n<link rel=\"canonical\" href=\"http:\/\/www.semanadetecnologia.com.br\/24semana\/restaurantes-proximos-24a-semana-de-tecnologia-metroferroviaria\/\" \/>\n<meta property=\"og:locale\" content=\"pt_BR\" \/>\n<meta property=\"og:type\" content=\"article\" \/>\n<meta property=\"og:title\" content=\"Restaurantes pr\u00f3ximos \u00e0 24\u00aa Semana de Tecnologia Metroferrovi\u00e1ria &#8211; 24\u00aa Semana de Tecnologia Metroferrovi\u00e1ria\" \/>\n<meta property=\"og:description\" content=\"Restaurantes pr\u00f3ximos \u00e0 24\u00aa Semana de Tecnologia Metroferrovi\u00e1ria Olaria Bar &amp; Grill Rua Apeninos, 637 &#8211; Para\u00edso &#8211; S\u00e3o Paulo \u2013 Tel.: (11) 3289-0822 http:\/\/www.olariabar.com.br\/ Opini\u00e3o: Comida \u00e0 quilo carte, lugar agrad\u00e1vel com decora\u00e7\u00e3o r\u00fastica, bom pra comer em pequenas [&hellip;]\" \/>\n<meta property=\"og:url\" content=\"http:\/\/www.semanadetecnologia.com.br\/24semana\/restaurantes-proximos-24a-semana-de-tecnologia-metroferroviaria\/\" \/>\n<meta property=\"og:site_name\" content=\"24\u00aa Semana de Tecnologia Metroferrovi\u00e1ria\" \/>\n<meta property=\"article:publisher\" content=\"https:\/\/www.facebook.com\/aeamesp\/\" \/>\n<meta property=\"article:modified_time\" content=\"2018-08-06T17:07:53+00:00\" \/>\n<meta property=\"og:image\" content=\"http:\/\/www.semanadetecnologia.com.br\/24semana\/wp-content\/uploads\/2018\/08\/3moedas.jpg\" \/>\n<meta name=\"twitter:card\" content=\"summary_large_image\" \/>\n<meta name=\"twitter:label1\" content=\"Est. tempo de leitura\" \/>\n\t<meta name=\"twitter:data1\" content=\"2 minutos\" \/>\n<script type=\"application\/ld+json\" class=\"yoast-schema-graph\">{\"@context\":\"https:\/\/schema.org\",\"@graph\":[{\"@type\":\"WebPage\",\"@id\":\"http:\/\/www.semanadetecnologia.com.br\/24semana\/restaurantes-proximos-24a-semana-de-tecnologia-metroferroviaria\/\",\"url\":\"http:\/\/www.semanadetecnologia.com.br\/24semana\/restaurantes-proximos-24a-semana-de-tecnologia-metroferroviaria\/\",\"name\":\"Restaurantes pr\u00f3ximos \u00e0 24\u00aa Semana de Tecnologia Metroferrovi\u00e1ria &#8211; 24\u00aa Semana de Tecnologia Metroferrovi\u00e1ria\",\"isPartOf\":{\"@id\":\"https:\/\/www.semanadetecnologia.com.br\/24semana\/#website\"},\"primaryImageOfPage\":{\"@id\":\"http:\/\/www.semanadetecnologia.com.br\/24semana\/restaurantes-proximos-24a-semana-de-tecnologia-metroferroviaria\/#primaryimage\"},\"image\":{\"@id\":\"http:\/\/www.semanadetecnologia.com.br\/24semana\/restaurantes-proximos-24a-semana-de-tecnologia-metroferroviaria\/#primaryimage\"},\"thumbnailUrl\":\"http:\/\/www.semanadetecnologia.com.br\/24semana\/wp-content\/uploads\/2018\/08\/3moedas.jpg\",\"datePublished\":\"2018-08-06T16:21:08+00:00\",\"dateModified\":\"2018-08-06T17:07:53+00:00\",\"breadcrumb\":{\"@id\":\"http:\/\/www.semanadetecnologia.com.br\/24semana\/restaurantes-proximos-24a-semana-de-tecnologia-metroferroviaria\/#breadcrumb\"},\"inLanguage\":\"pt-BR\",\"potentialAction\":[{\"@type\":\"ReadAction\",\"target\":[\"http:\/\/www.semanadetecnologia.com.br\/24semana\/restaurantes-proximos-24a-semana-de-tecnologia-metroferroviaria\/\"]}]},{\"@type\":\"ImageObject\",\"inLanguage\":\"pt-BR\",\"@id\":\"http:\/\/www.semanadetecnologia.com.br\/24semana\/restaurantes-proximos-24a-semana-de-tecnologia-metroferroviaria\/#primaryimage\",\"url\":\"http:\/\/www.semanadetecnologia.com.br\/24semana\/wp-content\/uploads\/2018\/08\/3moedas.jpg\",\"contentUrl\":\"http:\/\/www.semanadetecnologia.com.br\/24semana\/wp-content\/uploads\/2018\/08\/3moedas.jpg\",\"width\":133,\"height\":20},{\"@type\":\"BreadcrumbList\",\"@id\":\"http:\/\/www.semanadetecnologia.com.br\/24semana\/restaurantes-proximos-24a-semana-de-tecnologia-metroferroviaria\/#breadcrumb\",\"itemListElement\":[{\"@type\":\"ListItem\",\"position\":1,\"name\":\"Home\",\"item\":\"https:\/\/www.semanadetecnologia.com.br\/24semana\/\"},{\"@type\":\"ListItem\",\"position\":2,\"name\":\"Restaurantes pr\u00f3ximos \u00e0 24\u00aa Semana de Tecnologia Metroferrovi\u00e1ria\"}]},{\"@type\":\"WebSite\",\"@id\":\"https:\/\/www.semanadetecnologia.com.br\/24semana\/#website\",\"url\":\"https:\/\/www.semanadetecnologia.com.br\/24semana\/\",\"name\":\"24\u00aa Semana de Tecnologia Metroferrovi\u00e1ria\",\"description\":\"24\u00aa Semana de Tecnologia Metroferrovi\u00e1ria\",\"potentialAction\":[{\"@type\":\"SearchAction\",\"target\":{\"@type\":\"EntryPoint\",\"urlTemplate\":\"https:\/\/www.semanadetecnologia.com.br\/24semana\/?s={search_term_string}\"},\"query-input\":{\"@type\":\"PropertyValueSpecification\",\"valueRequired\":true,\"valueName\":\"search_term_string\"}}],\"inLanguage\":\"pt-BR\"}]}<\/script>\n<!-- \/ Yoast SEO plugin. -->","yoast_head_json":{"title":"Restaurantes pr\u00f3ximos \u00e0 24\u00aa Semana de Tecnologia Metroferrovi\u00e1ria &#8211; 24\u00aa Semana de Tecnologia Metroferrovi\u00e1ria","robots":{"index":"index","follow":"follow","max-snippet":"max-snippet:-1","max-image-preview":"max-image-preview:large","max-video-preview":"max-video-preview:-1"},"canonical":"http:\/\/www.semanadetecnologia.com.br\/24semana\/restaurantes-proximos-24a-semana-de-tecnologia-metroferroviaria\/","og_locale":"pt_BR","og_type":"article","og_title":"Restaurantes pr\u00f3ximos \u00e0 24\u00aa Semana de Tecnologia Metroferrovi\u00e1ria &#8211; 24\u00aa Semana de Tecnologia Metroferrovi\u00e1ria","og_description":"Restaurantes pr\u00f3ximos \u00e0 24\u00aa Semana de Tecnologia Metroferrovi\u00e1ria Olaria Bar &amp; Grill Rua Apeninos, 637 &#8211; Para\u00edso &#8211; S\u00e3o Paulo \u2013 Tel.: (11) 3289-0822 http:\/\/www.olariabar.com.br\/ Opini\u00e3o: Comida \u00e0 quilo carte, lugar agrad\u00e1vel com decora\u00e7\u00e3o r\u00fastica, bom pra comer em pequenas [&hellip;]","og_url":"http:\/\/www.semanadetecnologia.com.br\/24semana\/restaurantes-proximos-24a-semana-de-tecnologia-metroferroviaria\/","og_site_name":"24\u00aa Semana de Tecnologia Metroferrovi\u00e1ria","article_publisher":"https:\/\/www.facebook.com\/aeamesp\/","article_modified_time":"2018-08-06T17:07:53+00:00","og_image":[{"url":"http:\/\/www.semanadetecnologia.com.br\/24semana\/wp-content\/uploads\/2018\/08\/3moedas.jpg","type":"","width":"","height":""}],"twitter_card":"summary_large_image","twitter_misc":{"Est. tempo de leitura":"2 minutos"},"schema":{"@context":"https:\/\/schema.org","@graph":[{"@type":"WebPage","@id":"http:\/\/www.semanadetecnologia.com.br\/24semana\/restaurantes-proximos-24a-semana-de-tecnologia-metroferroviaria\/","url":"http:\/\/www.semanadetecnologia.com.br\/24semana\/restaurantes-proximos-24a-semana-de-tecnologia-metroferroviaria\/","name":"Restaurantes pr\u00f3ximos \u00e0 24\u00aa Semana de Tecnologia Metroferrovi\u00e1ria &#8211; 24\u00aa Semana de Tecnologia Metroferrovi\u00e1ria","isPartOf":{"@id":"https:\/\/www.semanadetecnologia.com.br\/24semana\/#website"},"primaryImageOfPage":{"@id":"http:\/\/www.semanadetecnologia.com.br\/24semana\/restaurantes-proximos-24a-semana-de-tecnologia-metroferroviaria\/#primaryimage"},"image":{"@id":"http:\/\/www.semanadetecnologia.com.br\/24semana\/restaurantes-proximos-24a-semana-de-tecnologia-metroferroviaria\/#primaryimage"},"thumbnailUrl":"http:\/\/www.semanadetecnologia.com.br\/24semana\/wp-content\/uploads\/2018\/08\/3moedas.jpg","datePublished":"2018-08-06T16:21:08+00:00","dateModified":"2018-08-06T17:07:53+00:00","breadcrumb":{"@id":"http:\/\/www.semanadetecnologia.com.br\/24semana\/restaurantes-proximos-24a-semana-de-tecnologia-metroferroviaria\/#breadcrumb"},"inLanguage":"pt-BR","potentialAction":[{"@type":"ReadAction","target":["http:\/\/www.semanadetecnologia.com.br\/24semana\/restaurantes-proximos-24a-semana-de-tecnologia-metroferroviaria\/"]}]},{"@type":"ImageObject","inLanguage":"pt-BR","@id":"http:\/\/www.semanadetecnologia.com.br\/24semana\/restaurantes-proximos-24a-semana-de-tecnologia-metroferroviaria\/#primaryimage","url":"http:\/\/www.semanadetecnologia.com.br\/24semana\/wp-content\/uploads\/2018\/08\/3moedas.jpg","contentUrl":"http:\/\/www.semanadetecnologia.com.br\/24semana\/wp-content\/uploads\/2018\/08\/3moedas.jpg","width":133,"height":20},{"@type":"BreadcrumbList","@id":"http:\/\/www.semanadetecnologia.com.br\/24semana\/restaurantes-proximos-24a-semana-de-tecnologia-metroferroviaria\/#breadcrumb","itemListElement":[{"@type":"ListItem","position":1,"name":"Home","item":"https:\/\/www.semanadetecnologia.com.br\/24semana\/"},{"@type":"ListItem","position":2,"name":"Restaurantes pr\u00f3ximos \u00e0 24\u00aa Semana de Tecnologia Metroferrovi\u00e1ria"}]},{"@type":"WebSite","@id":"https:\/\/www.semanadetecnologia.com.br\/24semana\/#website","url":"https:\/\/www.semanadetecnologia.com.br\/24semana\/","name":"24\u00aa Semana de Tecnologia Metroferrovi\u00e1ria","description":"24\u00aa Semana de Tecnologia Metroferrovi\u00e1ria","potentialAction":[{"@type":"SearchAction","target":{"@type":"EntryPoint","urlTemplate":"https:\/\/www.semanadetecnologia.com.br\/24semana\/?s={search_term_string}"},"query-input":{"@type":"PropertyValueSpecification","valueRequired":true,"valueName":"search_term_string"}}],"inLanguage":"pt-BR"}]}},"_links":{"self":[{"href":"http:\/\/www.semanadetecnologia.com.br\/24semana\/wp-json\/wp\/v2\/pages\/9977","targetHints":{"allow":["GET"]}}],"collection":[{"href":"http:\/\/www.semanadetecnologia.com.br\/24semana\/wp-json\/wp\/v2\/pages"}],"about":[{"href":"http:\/\/www.semanadetecnologia.com.br\/24semana\/wp-json\/wp\/v2\/types\/page"}],"author":[{"embeddable":true,"href":"http:\/\/www.semanadetecnologia.com.br\/24semana\/wp-json\/wp\/v2\/users\/1"}],"replies":[{"embeddable":true,"href":"http:\/\/www.semanadetecnologia.com.br\/24semana\/wp-json\/wp\/v2\/comments?post=9977"}],"version-history":[{"count":4,"href":"http:\/\/www.semanadetecnologia.com.br\/24semana\/wp-json\/wp\/v2\/pages\/9977\/revisions"}],"predecessor-version":[{"id":9986,"href":"http:\/\/www.semanadetecnologia.com.br\/24semana\/wp-json\/wp\/v2\/pages\/9977\/revisions\/9986"}],"wp:attachment":[{"href":"http:\/\/www.semanadetecnologia.com.br\/24semana\/wp-json\/wp\/v2\/media?parent=9977"}],"curies":[{"name":"wp","href":"https:\/\/api.w.org\/{rel}","templated":true}]}}