{"id":8875,"date":"2017-07-17T15:17:46","date_gmt":"2017-07-17T18:17:46","guid":{"rendered":"http:\/\/www.aeamesp.org.br\/23stm\/?page_id=8875"},"modified":"2018-08-22T14:30:03","modified_gmt":"2018-08-22T17:30:03","slug":"inscricoes","status":"publish","type":"page","link":"http:\/\/www.semanadetecnologia.com.br\/24semana\/inscricoes\/","title":{"rendered":"Inscri\u00e7\u00f5es"},"content":{"rendered":"<p><img loading=\"lazy\" decoding=\"async\" class=\"aligncenter wp-image-9974 size-full\" src=\"http:\/\/www.semanadetecnologia.com.br\/24semana\/wp-content\/uploads\/2017\/07\/inscri\u00e7\u00f5es_pre\u00e7os.png\" alt=\"\" width=\"2402\" height=\"1015\" srcset=\"http:\/\/www.semanadetecnologia.com.br\/24semana\/wp-content\/uploads\/2017\/07\/inscri\u00e7\u00f5es_pre\u00e7os.png 2402w, http:\/\/www.semanadetecnologia.com.br\/24semana\/wp-content\/uploads\/2017\/07\/inscri\u00e7\u00f5es_pre\u00e7os-300x127.png 300w, http:\/\/www.semanadetecnologia.com.br\/24semana\/wp-content\/uploads\/2017\/07\/inscri\u00e7\u00f5es_pre\u00e7os-768x325.png 768w, http:\/\/www.semanadetecnologia.com.br\/24semana\/wp-content\/uploads\/2017\/07\/inscri\u00e7\u00f5es_pre\u00e7os-1024x433.png 1024w, http:\/\/www.semanadetecnologia.com.br\/24semana\/wp-content\/uploads\/2017\/07\/inscri\u00e7\u00f5es_pre\u00e7os-260x110.png 260w, http:\/\/www.semanadetecnologia.com.br\/24semana\/wp-content\/uploads\/2017\/07\/inscri\u00e7\u00f5es_pre\u00e7os-50x21.png 50w, http:\/\/www.semanadetecnologia.com.br\/24semana\/wp-content\/uploads\/2017\/07\/inscri\u00e7\u00f5es_pre\u00e7os-150x63.png 150w\" sizes=\"auto, (max-width: 2402px) 100vw, 2402px\" \/><\/p>\n<div class=\"\" style=\"width: 49%; float: left;\">\n<button class=\"btn btn-primary btn-lg\" style=\"font-size: 18px; line-height: 30px; height: 50px; width: 100%; text-transform: uppercase; text-align: center; float: left;\" type=\"button\"> INSCRI\u00c7\u00d5ES NO LOCAL DO EVENTO<\/button>\n<\/div>\n<div class=\"\" style=\"width: 49%; float: right;\"><a href=\"http:\/\/www.aeamesp.org.br\/associe-se-2\/\" target=\"_blank\" rel=\"noopener\"><br \/>\n<button class=\"btn btn-primary btn-lg\" style=\"font-size: 18px; line-height: 30px; height: 50px; width: 100%; text-transform: uppercase; text-align: center; float: left; background: #1b5da3;\" type=\"button\"> ASSOCIE-SE \u00c0 AEAMESP <\/button><br \/>\n<\/a><\/div>\n<div class=\"col-lg-6\"><\/div>\n<p>&nbsp;<\/p>\n<h4>Voc\u00ea n\u00e3o \u00e9 associado AEAMESP? Conhe\u00e7a os benef\u00edcios e <a style=\"color: #94c73f;\" title=\"Associe-se\" href=\"http:\/\/www.aeamesp.org.br\/associe-se-2\/\" target=\"_blank\" rel=\"noopener\">Associe-se Agora Mesmo <\/a><\/h4>\n<p>Associados AEAMESP em dia com sua contribui\u00e7\u00e3o n\u00e3o \u00e9 necess\u00e1rio realizar inscri\u00e7\u00e3o, basta comparecer \u00e0 recep\u00e7\u00e3o do evento para retirar suas credenciais.<\/p>\n","protected":false},"excerpt":{"rendered":"<p>INSCRI\u00c7\u00d5ES NO LOCAL DO EVENTO ASSOCIE-SE \u00c0 AEAMESP &nbsp; Voc\u00ea n\u00e3o \u00e9 associado AEAMESP? Conhe\u00e7a os benef\u00edcios e Associe-se Agora Mesmo Associados AEAMESP em dia com sua contribui\u00e7\u00e3o n\u00e3o \u00e9 necess\u00e1rio realizar inscri\u00e7\u00e3o, basta comparecer \u00e0 recep\u00e7\u00e3o do evento para [&hellip;]<\/p>\n","protected":false},"author":1,"featured_media":0,"parent":0,"menu_order":0,"comment_status":"closed","ping_status":"closed","template":"","meta":{"footnotes":""},"class_list":["post-8875","page","type-page","status-publish","hentry"],"yoast_head":"<!-- This site is optimized with the Yoast SEO plugin v27.2 - https:\/\/yoast.com\/product\/yoast-seo-wordpress\/ -->\n<title>Inscri\u00e7\u00f5es &#8211; 24\u00aa Semana de Tecnologia Metroferrovi\u00e1ria<\/title>\n<meta name=\"robots\" content=\"index, follow, max-snippet:-1, max-image-preview:large, max-video-preview:-1\" \/>\n<link rel=\"canonical\" href=\"http:\/\/www.semanadetecnologia.com.br\/24semana\/inscricoes\/\" \/>\n<meta property=\"og:locale\" content=\"pt_BR\" \/>\n<meta property=\"og:type\" content=\"article\" \/>\n<meta property=\"og:title\" content=\"Inscri\u00e7\u00f5es &#8211; 24\u00aa Semana de Tecnologia Metroferrovi\u00e1ria\" \/>\n<meta property=\"og:description\" content=\"INSCRI\u00c7\u00d5ES NO LOCAL DO EVENTO ASSOCIE-SE \u00c0 AEAMESP &nbsp; Voc\u00ea n\u00e3o \u00e9 associado AEAMESP? Conhe\u00e7a os benef\u00edcios e Associe-se Agora Mesmo Associados AEAMESP em dia com sua contribui\u00e7\u00e3o n\u00e3o \u00e9 necess\u00e1rio realizar inscri\u00e7\u00e3o, basta comparecer \u00e0 recep\u00e7\u00e3o do evento para [&hellip;]\" \/>\n<meta property=\"og:url\" content=\"http:\/\/www.semanadetecnologia.com.br\/24semana\/inscricoes\/\" \/>\n<meta property=\"og:site_name\" content=\"24\u00aa Semana de Tecnologia Metroferrovi\u00e1ria\" \/>\n<meta property=\"article:publisher\" content=\"https:\/\/www.facebook.com\/aeamesp\/\" \/>\n<meta property=\"article:modified_time\" content=\"2018-08-22T17:30:03+00:00\" \/>\n<meta name=\"twitter:card\" content=\"summary_large_image\" \/>\n<script type=\"application\/ld+json\" class=\"yoast-schema-graph\">{\"@context\":\"https:\/\/schema.org\",\"@graph\":[{\"@type\":\"WebPage\",\"@id\":\"http:\/\/www.semanadetecnologia.com.br\/24semana\/inscricoes\/\",\"url\":\"http:\/\/www.semanadetecnologia.com.br\/24semana\/inscricoes\/\",\"name\":\"Inscri\u00e7\u00f5es &#8211; 24\u00aa Semana de Tecnologia Metroferrovi\u00e1ria\",\"isPartOf\":{\"@id\":\"https:\/\/www.semanadetecnologia.com.br\/24semana\/#website\"},\"datePublished\":\"2017-07-17T18:17:46+00:00\",\"dateModified\":\"2018-08-22T17:30:03+00:00\",\"breadcrumb\":{\"@id\":\"http:\/\/www.semanadetecnologia.com.br\/24semana\/inscricoes\/#breadcrumb\"},\"inLanguage\":\"pt-BR\",\"potentialAction\":[{\"@type\":\"ReadAction\",\"target\":[\"http:\/\/www.semanadetecnologia.com.br\/24semana\/inscricoes\/\"]}]},{\"@type\":\"BreadcrumbList\",\"@id\":\"http:\/\/www.semanadetecnologia.com.br\/24semana\/inscricoes\/#breadcrumb\",\"itemListElement\":[{\"@type\":\"ListItem\",\"position\":1,\"name\":\"Home\",\"item\":\"https:\/\/www.semanadetecnologia.com.br\/24semana\/\"},{\"@type\":\"ListItem\",\"position\":2,\"name\":\"Inscri\u00e7\u00f5es\"}]},{\"@type\":\"WebSite\",\"@id\":\"https:\/\/www.semanadetecnologia.com.br\/24semana\/#website\",\"url\":\"https:\/\/www.semanadetecnologia.com.br\/24semana\/\",\"name\":\"24\u00aa Semana de Tecnologia Metroferrovi\u00e1ria\",\"description\":\"24\u00aa Semana de Tecnologia Metroferrovi\u00e1ria\",\"potentialAction\":[{\"@type\":\"SearchAction\",\"target\":{\"@type\":\"EntryPoint\",\"urlTemplate\":\"https:\/\/www.semanadetecnologia.com.br\/24semana\/?s={search_term_string}\"},\"query-input\":{\"@type\":\"PropertyValueSpecification\",\"valueRequired\":true,\"valueName\":\"search_term_string\"}}],\"inLanguage\":\"pt-BR\"}]}<\/script>\n<!-- \/ Yoast SEO plugin. -->","yoast_head_json":{"title":"Inscri\u00e7\u00f5es &#8211; 24\u00aa Semana de Tecnologia Metroferrovi\u00e1ria","robots":{"index":"index","follow":"follow","max-snippet":"max-snippet:-1","max-image-preview":"max-image-preview:large","max-video-preview":"max-video-preview:-1"},"canonical":"http:\/\/www.semanadetecnologia.com.br\/24semana\/inscricoes\/","og_locale":"pt_BR","og_type":"article","og_title":"Inscri\u00e7\u00f5es &#8211; 24\u00aa Semana de Tecnologia Metroferrovi\u00e1ria","og_description":"INSCRI\u00c7\u00d5ES NO LOCAL DO EVENTO ASSOCIE-SE \u00c0 AEAMESP &nbsp; Voc\u00ea n\u00e3o \u00e9 associado AEAMESP? Conhe\u00e7a os benef\u00edcios e Associe-se Agora Mesmo Associados AEAMESP em dia com sua contribui\u00e7\u00e3o n\u00e3o \u00e9 necess\u00e1rio realizar inscri\u00e7\u00e3o, basta comparecer \u00e0 recep\u00e7\u00e3o do evento para [&hellip;]","og_url":"http:\/\/www.semanadetecnologia.com.br\/24semana\/inscricoes\/","og_site_name":"24\u00aa Semana de Tecnologia Metroferrovi\u00e1ria","article_publisher":"https:\/\/www.facebook.com\/aeamesp\/","article_modified_time":"2018-08-22T17:30:03+00:00","twitter_card":"summary_large_image","schema":{"@context":"https:\/\/schema.org","@graph":[{"@type":"WebPage","@id":"http:\/\/www.semanadetecnologia.com.br\/24semana\/inscricoes\/","url":"http:\/\/www.semanadetecnologia.com.br\/24semana\/inscricoes\/","name":"Inscri\u00e7\u00f5es &#8211; 24\u00aa Semana de Tecnologia Metroferrovi\u00e1ria","isPartOf":{"@id":"https:\/\/www.semanadetecnologia.com.br\/24semana\/#website"},"datePublished":"2017-07-17T18:17:46+00:00","dateModified":"2018-08-22T17:30:03+00:00","breadcrumb":{"@id":"http:\/\/www.semanadetecnologia.com.br\/24semana\/inscricoes\/#breadcrumb"},"inLanguage":"pt-BR","potentialAction":[{"@type":"ReadAction","target":["http:\/\/www.semanadetecnologia.com.br\/24semana\/inscricoes\/"]}]},{"@type":"BreadcrumbList","@id":"http:\/\/www.semanadetecnologia.com.br\/24semana\/inscricoes\/#breadcrumb","itemListElement":[{"@type":"ListItem","position":1,"name":"Home","item":"https:\/\/www.semanadetecnologia.com.br\/24semana\/"},{"@type":"ListItem","position":2,"name":"Inscri\u00e7\u00f5es"}]},{"@type":"WebSite","@id":"https:\/\/www.semanadetecnologia.com.br\/24semana\/#website","url":"https:\/\/www.semanadetecnologia.com.br\/24semana\/","name":"24\u00aa Semana de Tecnologia Metroferrovi\u00e1ria","description":"24\u00aa Semana de Tecnologia Metroferrovi\u00e1ria","potentialAction":[{"@type":"SearchAction","target":{"@type":"EntryPoint","urlTemplate":"https:\/\/www.semanadetecnologia.com.br\/24semana\/?s={search_term_string}"},"query-input":{"@type":"PropertyValueSpecification","valueRequired":true,"valueName":"search_term_string"}}],"inLanguage":"pt-BR"}]}},"_links":{"self":[{"href":"http:\/\/www.semanadetecnologia.com.br\/24semana\/wp-json\/wp\/v2\/pages\/8875","targetHints":{"allow":["GET"]}}],"collection":[{"href":"http:\/\/www.semanadetecnologia.com.br\/24semana\/wp-json\/wp\/v2\/pages"}],"about":[{"href":"http:\/\/www.semanadetecnologia.com.br\/24semana\/wp-json\/wp\/v2\/types\/page"}],"author":[{"embeddable":true,"href":"http:\/\/www.semanadetecnologia.com.br\/24semana\/wp-json\/wp\/v2\/users\/1"}],"replies":[{"embeddable":true,"href":"http:\/\/www.semanadetecnologia.com.br\/24semana\/wp-json\/wp\/v2\/comments?post=8875"}],"version-history":[{"count":76,"href":"http:\/\/www.semanadetecnologia.com.br\/24semana\/wp-json\/wp\/v2\/pages\/8875\/revisions"}],"predecessor-version":[{"id":10131,"href":"http:\/\/www.semanadetecnologia.com.br\/24semana\/wp-json\/wp\/v2\/pages\/8875\/revisions\/10131"}],"wp:attachment":[{"href":"http:\/\/www.semanadetecnologia.com.br\/24semana\/wp-json\/wp\/v2\/media?parent=8875"}],"curies":[{"name":"wp","href":"https:\/\/api.w.org\/{rel}","templated":true}]}}